{"id":351,"date":"2024-07-22T16:46:57","date_gmt":"2024-07-22T14:46:57","guid":{"rendered":"http:\/\/test.balanced-energy.de\/home\/?page_id=351"},"modified":"2025-05-20T20:00:57","modified_gmt":"2025-05-20T18:00:57","slug":"impressum","status":"publish","type":"page","link":"https:\/\/privatpraxis-ck.de\/home\/impressum\/","title":{"rendered":"Impressum"},"content":{"rendered":"\n<p>Dieses Impressum gilt auch f\u00fcr meine Social Media Auftritte (Instagram, WhatsApp).<\/p>\n\n\n\n<p><strong>Privatpraxis f\u00fcr TouchLife Massage<sup>\u24c7<\/sup> &amp; Coaching<\/strong><br><strong>Christina Kabrhel<\/strong><br>Danziger Stra\u00dfe 11<br>64711 Erbach<\/p>\n\n\n\n<h2 class=\"wp-block-heading\">Kontakt<\/h2>\n\n\n\n<p>Telefon: +49 160 8985711<br>E-Mail: info@privatpraxis-ck.de<\/p>\n\n\n\n<h2 class=\"wp-block-heading\">Verantwortlich f\u00fcr den Inhalt<\/h2>\n\n\n\n<p>Christina Kabrhel<br>Danziger Stra\u00dfe 11<br>64711 Erbach<\/p>\n\n\n\n<h2 class=\"wp-block-heading\">Angaben zur Berufshaftpflichtversicherung<\/h2>\n\n\n\n<p><strong>Name und Sitz des Versicherers:<\/strong><br>Baloise Versicherungen<br>Basler Str. 4<br>61345 Bad Homburg v. d. H. <br><\/p>\n\n\n\n<p><strong>Geltungsraum der Versicherung:<\/strong><br>Deutschland<\/p>\n\n\n\n<h2 class=\"wp-block-heading\">EU-Streitschlichtung<\/h2>\n\n\n\n<p>Die Europ\u00e4ische Kommission stellt eine Plattform zur Online-Streitbeilegung (OS) bereit:<br><a href=\"https:\/\/ec.europa.eu\/consumers\/odr\/\" target=\"_blank\" rel=\"noreferrer noopener\">https:\/\/ec.europa.eu\/consumers\/odr\/<\/a>.<br>Unsere E-Mail-Adresse finden Sie oben im Impressum.<\/p>\n\n\n\n<h2 class=\"wp-block-heading\">Verbraucherstreitbeilegung\/Universalschlichtungsstelle<\/h2>\n\n\n\n<p>Wir sind nicht bereit oder verpflichtet, an Streitbeilegungsverfahren vor einer<br>Verbraucherschlichtungsstelle teilzunehmen.<\/p>\n\n\n\n<p><strong>Quelle:<\/strong><br><a href=\"https:\/\/www.e-recht24.de\" target=\"_blank\" rel=\"noreferrer noopener\">eRecht24<\/a><\/p>\n","protected":false},"excerpt":{"rendered":"<p>Dieses Impressum gilt auch f\u00fcr meine Social Media Auftritte (Instagram, WhatsApp). Privatpraxis f\u00fcr TouchLife Massage\u24c7 &amp; CoachingChristina KabrhelDanziger Stra\u00dfe 1164711 Erbach Kontakt Telefon: +49 160 8985711E-Mail: info@privatpraxis-ck.de Verantwortlich f\u00fcr den Inhalt Christina KabrhelDanziger Stra\u00dfe 1164711 Erbach Angaben zur Berufshaftpflichtversicherung Name und Sitz des Versicherers:Baloise VersicherungenBasler Str. 461345 Bad Homburg v. d. H. Geltungsraum der Versicherung:Deutschland [&hellip;]<\/p>\n","protected":false},"author":1,"featured_media":0,"parent":0,"menu_order":0,"comment_status":"closed","ping_status":"closed","template":"leere-seite","meta":{"footnotes":""},"class_list":["post-351","page","type-page","status-publish","hentry"],"rttpg_featured_image_url":null,"rttpg_author":{"display_name":"chkabrhel","author_link":"https:\/\/privatpraxis-ck.de\/home\/author\/chkabrhel\/"},"rttpg_comment":0,"rttpg_category":null,"rttpg_excerpt":"Dieses Impressum gilt auch f\u00fcr meine Social Media Auftritte (Instagram, WhatsApp). Privatpraxis f\u00fcr TouchLife Massage\u24c7 &amp; CoachingChristina KabrhelDanziger Stra\u00dfe 1164711 Erbach Kontakt Telefon: +49 160 8985711E-Mail: info@privatpraxis-ck.de Verantwortlich f\u00fcr den Inhalt Christina KabrhelDanziger Stra\u00dfe 1164711 Erbach Angaben zur Berufshaftpflichtversicherung Name und Sitz des Versicherers:Baloise VersicherungenBasler Str. 461345 Bad Homburg v. d. H. Geltungsraum der Versicherung:Deutschland&hellip;","_links":{"self":[{"href":"https:\/\/privatpraxis-ck.de\/home\/wp-json\/wp\/v2\/pages\/351","targetHints":{"allow":["GET"]}}],"collection":[{"href":"https:\/\/privatpraxis-ck.de\/home\/wp-json\/wp\/v2\/pages"}],"about":[{"href":"https:\/\/privatpraxis-ck.de\/home\/wp-json\/wp\/v2\/types\/page"}],"author":[{"embeddable":true,"href":"https:\/\/privatpraxis-ck.de\/home\/wp-json\/wp\/v2\/users\/1"}],"replies":[{"embeddable":true,"href":"https:\/\/privatpraxis-ck.de\/home\/wp-json\/wp\/v2\/comments?post=351"}],"version-history":[{"count":8,"href":"https:\/\/privatpraxis-ck.de\/home\/wp-json\/wp\/v2\/pages\/351\/revisions"}],"predecessor-version":[{"id":1146,"href":"https:\/\/privatpraxis-ck.de\/home\/wp-json\/wp\/v2\/pages\/351\/revisions\/1146"}],"wp:attachment":[{"href":"https:\/\/privatpraxis-ck.de\/home\/wp-json\/wp\/v2\/media?parent=351"}],"curies":[{"name":"wp","href":"https:\/\/api.w.org\/{rel}","templated":true}]}}