{"id":37,"date":"2024-04-05T09:17:45","date_gmt":"2024-04-05T07:17:45","guid":{"rendered":"http:\/\/test.balanced-energy.de\/?page_id=37"},"modified":"2025-11-19T18:00:17","modified_gmt":"2025-11-19T17:00:17","slug":"home","status":"publish","type":"page","link":"https:\/\/privatpraxis-ck.de\/home\/","title":{"rendered":"Home"},"content":{"rendered":"\n<div style=\"background-image:url(&apos;http:\/\/privatpraxis-ck.de\/wp-content\/uploads\/2024\/10\/header-pflanze-breit.jpg&apos;);background-position:50% 0;background-size:cover;\" class=\"wp-block-group alignfull has-custom-sky-background-color has-background is-layout-flow wp-block-group-is-layout-flow\">\n<div style=\"height:12px\" aria-hidden=\"true\" class=\"wp-block-spacer\"><\/div>\n\n\n\n<div class=\"wp-block-group has-global-padding is-layout-constrained wp-block-group-is-layout-constrained\">\n<div class=\"wp-block-group alignfull has-global-padding is-layout-constrained wp-block-group-is-layout-constrained\">\n<div class=\"wp-block-columns alignwide is-layout-flex wp-container-core-columns-is-layout-28f84493 wp-block-columns-is-layout-flex\">\n<div class=\"wp-block-column is-vertically-aligned-center is-layout-flow wp-block-column-is-layout-flow\" style=\"flex-basis:50%\">\n<h2 class=\"wp-block-heading has-base-2-color has-text-color has-link-color wp-elements-508254031ed8777d287b50a50de4ec4e\"><strong>Mehr Energie, Entspannung und Leichtigkeit &#8211; ganzheitlich, professionell, einzigartig<\/strong><\/h2>\n\n\n\n<div class=\"wp-block-buttons is-layout-flex wp-block-buttons-is-layout-flex\">\n<div class=\"wp-block-button button-start-top\"><a class=\"wp-block-button__link has-contrast-2-color has-base-background-color has-text-color has-background has-link-color wp-element-button\" href=\"https:\/\/privatpraxis-ck.de\/home\/kontakt\/\"><strong>Jetzt<\/strong> <strong>Termin buchen<\/strong><\/a><\/div>\n\n\n\n<div class=\"wp-block-button is-style-outline, button-start-top is-style-outline--1\"><a class=\"wp-block-button__link has-base-2-color has-text-color has-link-color has-border-color has-base-2-border-color wp-element-button\" href=\"https:\/\/privatpraxis-ck.de\/home\/kontakt\/\" style=\"border-width:2px\"><strong>Tu-Dir-Gut-Schein verschenken<\/strong><\/a><\/div>\n<\/div>\n<\/div>\n\n\n\n<div class=\"wp-block-column is-layout-flow wp-block-column-is-layout-flow\" style=\"flex-basis:50%\"><\/div>\n<\/div>\n<\/div>\n<\/div>\n\n\n\n<div style=\"height:12px\" aria-hidden=\"true\" class=\"wp-block-spacer\"><\/div>\n<\/div>\n\n\n\n<div class=\"wp-block-group alignfull has-global-padding is-layout-constrained wp-block-group-is-layout-constrained\">\n<div style=\"height:26px\" aria-hidden=\"true\" class=\"wp-block-spacer\"><\/div>\n\n\n\n<div class=\"wp-block-group alignwide has-global-padding is-layout-constrained wp-block-group-is-layout-constrained\">\n<h2 class=\"wp-block-heading\"><strong>Mit TouchLife<sup>\u24c7<\/sup> Massage und Coaching<\/strong> <strong>zur\u00fcck in Ihre Balance!<\/strong><\/h2>\n<\/div>\n<\/div>\n\n\n\n<p>Herzlichen Gl\u00fcckwunsch, Sie sind auf dem besten Weg sich etwas Gutes zu tun. Bei mir sind Sie genau richtig, wenn Sie<\/p>\n\n\n\n<ul class=\"wp-block-list\">\n<li>eine Auszeit vom hektischen Alltag brauchen<\/li>\n\n\n\n<li>achtsame, ganzheitliche Massage sch\u00e4tzen<\/li>\n\n\n\n<li>ein Burnout vermeiden oder hinter sich lassen m\u00f6chten<\/li>\n\n\n\n<li>einen gesch\u00fctzten Raum zum Reden ben\u00f6tigen<\/li>\n\n\n\n<li>neben der Massage auch Coaching-Tipps f\u00fcr mehr Wohlbefinden mitnehmen m\u00f6chten<\/li>\n\n\n\n<li>auf Wunsch zus\u00e4tzlich eine energetische Ausbalancierung bekommen m\u00f6chten<\/li>\n\n\n\n<li>an mobiler Massage f\u00fcr Ihr Unternehmen oder eine Veranstaltung interessiert sind<\/li>\n<\/ul>\n\n\n\n<div class=\"wp-block-group alignfull has-global-padding is-layout-constrained wp-block-group-is-layout-constrained\">\n<h2 class=\"wp-block-heading\">Meine Tools <\/h2>\n\n\n\n<ul class=\"wp-block-list\">\n<li><a href=\"https:\/\/www.touchlife.de\/\" target=\"_blank\" rel=\"noreferrer noopener\">TouchLife<sup>\u24c7<\/sup> Massage<\/a> nach Leder und von Kalckreuth<\/li>\n\n\n\n<li><a href=\"https:\/\/discoverhealing.com\/\" target=\"_blank\" rel=\"noreferrer noopener\">Emotion Code<sup>\u24c7<\/sup><\/a>, <a href=\"https:\/\/discoverhealing.com\/\" target=\"_blank\" rel=\"noreferrer noopener\">Body Code<sup>\u24c7<\/sup><\/a>, <a href=\"https:\/\/discoverhealing.com\/\" target=\"_blank\" rel=\"noreferrer noopener\">Belief Code<sup>\u24c7<\/sup><\/a> nach Dr. Bradley Nelson<\/li>\n\n\n\n<li>und viele mehr<\/li>\n<\/ul>\n\n\n\n<div style=\"height:26px\" aria-hidden=\"true\" class=\"wp-block-spacer\"><\/div>\n<\/div>\n\n\n\n<div class=\"wp-block-group alignfull has-custom-sky-background-color has-text-color has-background has-link-color wp-elements-62f125dab05158b70d6ee69263d24e6e has-global-padding is-layout-constrained wp-block-group-is-layout-constrained\" style=\"color:#4f4f4f;background-position:50% 0;\">\n<div style=\"height:6px\" aria-hidden=\"true\" class=\"wp-block-spacer\"><\/div>\n\n\n\n<h2 class=\"wp-block-heading\">Das sagen meine KlientInnen:<\/h2>\n\n\n<div class=\"strong-view strong-view-id-1 unstyled wpmtst-unstyled slider-container slider-mode-horizontal\" data-count=12 data-slider-var=strong_slider_id_1 data-state=idle><div class=\"strong-content wpmslider-content\"><div class=\"wpmtst-testimonial testimonial t-slide post-894\"><div class=\"wpmtst-testimonial-inner testimonial-inner\"><div data-infinite-loop=\"true\" class=\"wpmtst-testimonial-content testimonial-content\"><div class=\"maybe-clear\"><\/div><p>Im Vorgespr\u00e4ch nahm sich Christina ausf\u00fchrlich Zeit, um dadurch besser auf meine Bed\u00fcrfnisse eingehen zu k\u00f6nnen. Bei der sanften Ber\u00fchrung ihrer H\u00e4nde kehrte Ruhe und Zufriedenheit in meinen K\u00f6rper und Geist ein. Entspannung, Wohlbefinden und ein ganz besonderes K\u00f6rperbewusstsein flossen durch die Massage zusammen. Herrlich!<\/p><\/div><div class=\"wpmtst-testimonial-field testimonial-field testimonial-name\">Michelle F.<\/div><div class=\"clear\"><\/div><\/div><\/div><div class=\"wpmtst-testimonial testimonial t-slide post-893\"><div class=\"wpmtst-testimonial-inner testimonial-inner\"><div data-infinite-loop=\"true\" class=\"wpmtst-testimonial-content testimonial-content\"><div class=\"maybe-clear\"><\/div><p>Christina ist eine einf\u00fchlsame Frau mit &#8222;Zauberh\u00e4nden&#8220;. Ich bin dankbar f\u00fcr jede Massage und komme gerne wieder.<\/p><\/div><div class=\"wpmtst-testimonial-field testimonial-field testimonial-name\">Ewa Z.<\/div><div class=\"clear\"><\/div><\/div><\/div><div class=\"wpmtst-testimonial testimonial t-slide post-621\"><div class=\"wpmtst-testimonial-inner testimonial-inner\"><div data-infinite-loop=\"true\" class=\"wpmtst-testimonial-content testimonial-content\"><div class=\"maybe-clear\"><\/div><p>Christina hat einen hellen und sch\u00f6n gestalteten Raum, in dem man sich sofort willkommen und wohl f\u00fchlt. Mit ihrer fr\u00f6hlichen und zugewandten Art schafft sie eine angenehme Atmosph\u00e4re. Ich habe mich sowohl im Gespr\u00e4ch als auch in der Massage sehr abgeholt und ber\u00fchrt gef\u00fchlt.<\/p><p>Ich komme definitiv gerne wieder!<\/p><\/div><div class=\"wpmtst-testimonial-field testimonial-field testimonial-name\">Nicole H.<\/div><div class=\"clear\"><\/div><\/div><\/div><div class=\"wpmtst-testimonial testimonial t-slide post-620\"><div class=\"wpmtst-testimonial-inner testimonial-inner\"><div data-infinite-loop=\"true\" class=\"wpmtst-testimonial-content testimonial-content\"><div class=\"maybe-clear\"><\/div><p>Bei Christina sch\u00e4tze ich besonders die Achtsamkeit. Jede Massage ist individuell auf mich abgestimmt. Das Vorgespr\u00e4ch, in dem sie sich Zeit nimmt auf meine Bed\u00fcrfnisse einzugehen und das anschlie\u00dfende Nachgespr\u00e4ch runden die Behandlung ab. Die Massage selbst ist immer sehr achtsam. Ich bin immer tief entspannt und f\u00fchle mich rundum wohl.<\/p><\/div><div class=\"wpmtst-testimonial-field testimonial-field testimonial-name\"> Julia H.<\/div><div class=\"clear\"><\/div><\/div><\/div><div class=\"wpmtst-testimonial testimonial t-slide post-619\"><div class=\"wpmtst-testimonial-inner testimonial-inner\"><div data-infinite-loop=\"true\" class=\"wpmtst-testimonial-content testimonial-content\"><div class=\"maybe-clear\"><\/div><p>Ich habe mir bei Christina schon einige TouchLife Sessions geg\u00f6nnt und bin nach jedem Termin entspannt und beseelt nach Hause gegangen.<\/p><\/div><div class=\"wpmtst-testimonial-field testimonial-field testimonial-name\">Nadine B.<\/div><div class=\"clear\"><\/div><\/div><\/div><div class=\"wpmtst-testimonial testimonial t-slide post-614\"><div class=\"wpmtst-testimonial-inner testimonial-inner\"><div data-infinite-loop=\"true\" class=\"wpmtst-testimonial-content testimonial-content\"><div class=\"maybe-clear\"><\/div><p>In meinem Job m\u00fcssen meine Beine viel leisten. Durch die regelm\u00e4\u00dfigen Massagen bei Christina habe ich weniger Schmerzen und f\u00fchle mich jedes Mal viel geerdeter und leichter.<\/p><\/div><div class=\"wpmtst-testimonial-field testimonial-field testimonial-name\">Claudia I.<\/div><div class=\"clear\"><\/div><\/div><\/div><div class=\"wpmtst-testimonial testimonial t-slide post-613\"><div class=\"wpmtst-testimonial-inner testimonial-inner\"><div data-infinite-loop=\"true\" class=\"wpmtst-testimonial-content testimonial-content\"><div class=\"maybe-clear\"><\/div><p>In Christinas sch\u00f6n gestaltetem Massageraum konnte ich sofort vom stressigen B\u00fcroalltag abschalten. Die TouchLife Massage ist eine tolle Kombination aus flie\u00dfenden Streichungen, punktuellen Griffen und Bewegungseinheiten &#8211; kombiniert mit hochwertigem Bio\u00f6l und sch\u00f6ner Musik. Ein Genuss!<\/p><\/div><div class=\"wpmtst-testimonial-field testimonial-field testimonial-name\">Wiebke N.<\/div><div class=\"clear\"><\/div><\/div><\/div><div class=\"wpmtst-testimonial testimonial t-slide post-612\"><div class=\"wpmtst-testimonial-inner testimonial-inner\"><div data-infinite-loop=\"true\" class=\"wpmtst-testimonial-content testimonial-content\"><div class=\"maybe-clear\"><\/div><p>Die Behandlungen bei Christina sind etwas ganz Besonderes. Ich genie\u00dfe ihre Kompetenz in den Gespr\u00e4chen und in den weichen H\u00e4nden, dem satten Kontakt in den Massagen. Die Beinmassage verlieh mir W\u00e4rme, Leichtigkeit und Pr\u00e4senz. Bin sozusagen nach Hause geschwebt!<\/p><\/div><div class=\"wpmtst-testimonial-field testimonial-field testimonial-name\">Brigitte S.-P.<\/div><div class=\"clear\"><\/div><\/div><\/div><div class=\"wpmtst-testimonial testimonial t-slide post-603\"><div class=\"wpmtst-testimonial-inner testimonial-inner\"><div data-infinite-loop=\"true\" class=\"wpmtst-testimonial-content testimonial-content\"><div class=\"maybe-clear\"><\/div><p>Ich konnte die TouchLife Massage von Christina am Atlantikstrand in Frankreich genie\u00dfen. F\u00fcr mich war dies etwas ganz Besonderes, da ich selten so sch\u00f6ne Ausstreichungen und auch Haltegriffe erlebt habe. Obwohl ich im Urlaub schon entspannt war, f\u00fchlte ich mich danach wie neu. Ein besonderes Feature war das nat\u00fcrliche Peeling durch den Sand und das Meeresrauschen.<\/p><\/div><div class=\"wpmtst-testimonial-field testimonial-field testimonial-name\"> Sonja K.<\/div><div class=\"clear\"><\/div><\/div><\/div><div class=\"wpmtst-testimonial testimonial t-slide post-602\"><div class=\"wpmtst-testimonial-inner testimonial-inner\"><div data-infinite-loop=\"true\" class=\"wpmtst-testimonial-content testimonial-content\"><div class=\"maybe-clear\"><\/div><p>Die Behandlung bei Frau Kabrhel war f\u00fcr mich ein wahrer Genuss. Sie ist sehr einf\u00fchlsam und hat eine sehr warme Energie &#8211; aber auch gen\u00fcgend Kraft, um in die Tiefe zu gehen. Diese Art der Massage betrachte ich als sehr gute Gesundheitsprophylaxe.<\/p><\/div><div class=\"wpmtst-testimonial-field testimonial-field testimonial-name\">Heike M.<\/div><div class=\"clear\"><\/div><\/div><\/div><div class=\"wpmtst-testimonial testimonial t-slide post-597\"><div class=\"wpmtst-testimonial-inner testimonial-inner\"><div data-infinite-loop=\"true\" class=\"wpmtst-testimonial-content testimonial-content\"><div class=\"maybe-clear\"><\/div><p>Ich durfte bei Christina eine Nacken-, R\u00fccken-, Kopf- und Handmassage nach der TouchLife Methode erleben. Wow, eine Massage wie ich sie noch nie erlebt habe. Die Einbeziehung des Atems bei manchen Bewegungen hat mir besonders gefallen und mich in eine tiefe Entspannung gebracht. Nach der Session war mein ganzer K\u00f6rper wieder im Fluss und mit Energie angef\u00fcllt. Gerne wieder!<\/p><\/div><div class=\"wpmtst-testimonial-field testimonial-field testimonial-name\">Christiane K.<\/div><div class=\"clear\"><\/div><\/div><\/div><div class=\"wpmtst-testimonial testimonial t-slide post-315\"><div class=\"wpmtst-testimonial-inner testimonial-inner\"><div data-infinite-loop=\"true\" class=\"wpmtst-testimonial-content testimonial-content\"><div class=\"maybe-clear\"><\/div><p>I have had a lot of massages in my life. Christina is a true professional. She explains what she is doing, focuses the client on breathing and makes them feel at ease and comfortable. She is a natural and I highly recommend her to all!<\/p><\/div><div class=\"wpmtst-testimonial-field testimonial-field testimonial-name\">Duane H.<\/div><div class=\"wpmtst-testimonial-field testimonial-field testimonial-ort\">Ontario, Canada<\/div><div class=\"clear\"><\/div><\/div><\/div><\/div><\/div>\n\n\n<div style=\"height:10px\" aria-hidden=\"true\" class=\"wp-block-spacer\"><\/div>\n<\/div>\n\n\n\n<div class=\"wp-block-group alignfull has-base-2-background-color has-background has-global-padding is-content-justification-center is-layout-constrained wp-container-core-group-is-layout-07713731 wp-block-group-is-layout-constrained\" style=\"margin-top:0;margin-bottom:0;padding-top:var(--wp--preset--spacing--50);padding-right:var(--wp--preset--spacing--50);padding-bottom:var(--wp--preset--spacing--50);padding-left:var(--wp--preset--spacing--50)\">\n<div class=\"wp-block-group is-vertical is-content-justification-center is-layout-flex wp-container-core-group-is-layout-52b864f0 wp-block-group-is-layout-flex\">\n<h2 class=\"wp-block-heading has-text-align-center is-style-default\" id=\"leistungen\"><strong>Meine Leistungen<\/strong><\/h2>\n\n\n\n<div style=\"height:0px\" aria-hidden=\"true\" class=\"wp-block-spacer wp-container-content-4f2ccadb\"><\/div>\n<\/div>\n\n\n\n<div style=\"margin-top:0;margin-bottom:0;height:3px\" aria-hidden=\"true\" class=\"wp-block-spacer\"><\/div>\n\n\n\n<div class=\"wp-block-group is-layout-flow wp-block-group-is-layout-flow\">\n<p>Ich biete individuelle, ganzheitliche TouchLife Massagen mit hochwertigen Bio\u00f6len und einem gesch\u00fctzten Wohlf\u00fchlraum. Die Kombination aus wohlwollendem Gespr\u00e4ch und achtsamer K\u00f6rperarbeit mit verschiedenen Massage-, Bewegungs- und Haltegriffen, Akupressur und ausgleichenden Ausstreichungen unter Einbeziehung des Atems kann zu tiefer Entspannung, erfrischender Regeneration und einer sp\u00fcrbaren Gl\u00fcckshormonsteigerung f\u00fcr K\u00f6rper und Geist beitragen. <\/p>\n\n\n\n<div style=\"height:10px\" aria-hidden=\"true\" class=\"wp-block-spacer\"><\/div>\n<\/div>\n\n\n\n<div class=\"wp-block-columns alignwide is-layout-flex wp-container-core-columns-is-layout-d0bbbce0 wp-block-columns-is-layout-flex\">\n<div class=\"wp-block-column is-layout-flow wp-container-core-column-is-layout-e3d1c41b wp-block-column-is-layout-flow\">\n<figure class=\"wp-block-image size-full has-custom-border\"><img loading=\"lazy\" decoding=\"async\" width=\"2560\" height=\"1612\" src=\"https:\/\/privatpraxis-ck.de\/wp-content\/uploads\/2025\/11\/2-Kopie-scaled.png\" alt=\"\" class=\"wp-image-1163\" style=\"border-radius:20px\"\/><\/figure>\n\n\n\n<h3 class=\"wp-block-heading has-text-align-left is-style-default has-body-font-family\">Reset - <br>Relaxen vom Alltag<\/h3>\n\n\n\n<ul class=\"wp-block-list\">\n<li>50 Minuten Session<\/li>\n\n\n\n<li>TouchLife Massage<\/li>\n\n\n\n<li>Nachruhe<\/li>\n\n\n\n<li>Investition: 70,00 \u20ac<br><\/li>\n<\/ul>\n\n\n\n<div class=\"wp-block-buttons is-content-justification-center is-layout-flex wp-container-core-buttons-is-layout-a89b3969 wp-block-buttons-is-layout-flex\">\n<div class=\"wp-block-button\"><a class=\"wp-block-button__link wp-element-button\" href=\"https:\/\/privatpraxis-ck.de\/home\/kontakt\/\">Jetzt Termin buchen...<\/a><\/div>\n<\/div>\n<\/div>\n\n\n\n<div class=\"wp-block-column is-layout-flow wp-container-core-column-is-layout-e3d1c41b wp-block-column-is-layout-flow\">\n<figure class=\"wp-block-image size-full has-custom-border\"><img loading=\"lazy\" decoding=\"async\" width=\"2560\" height=\"1665\" src=\"https:\/\/privatpraxis-ck.de\/wp-content\/uploads\/2025\/11\/2-scaled.png\" alt=\"\" class=\"wp-image-1164\" style=\"border-radius:20px;object-fit:cover\"\/><\/figure>\n\n\n\n<h3 class=\"wp-block-heading has-text-align-left is-style-default has-body-font-family\">Energy Boost -<br>Neue Energie tanken<\/h3>\n\n\n\n<ul class=\"wp-block-list\">\n<li>65 Minuten Session<\/li>\n\n\n\n<li>TouchLife Massage<\/li>\n\n\n\n<li>Nachruhe<\/li>\n\n\n\n<li>Investition: 90,00 \u20ac<br><\/li>\n<\/ul>\n\n\n\n<div class=\"wp-block-buttons is-content-justification-center is-layout-flex wp-container-core-buttons-is-layout-a89b3969 wp-block-buttons-is-layout-flex\">\n<div class=\"wp-block-button\"><a class=\"wp-block-button__link wp-element-button\" href=\"https:\/\/privatpraxis-ck.de\/home\/kontakt\/\">Jetzt Termin buchen...<\/a><\/div>\n<\/div>\n<\/div>\n\n\n\n<div class=\"wp-block-column is-layout-flow wp-container-core-column-is-layout-e3d1c41b wp-block-column-is-layout-flow\">\n<figure class=\"wp-block-image size-full has-custom-border\"><img loading=\"lazy\" decoding=\"async\" width=\"2560\" height=\"1810\" src=\"https:\/\/privatpraxis-ck.de\/wp-content\/uploads\/2025\/11\/3-scaled.png\" alt=\"\" class=\"wp-image-1166\" style=\"border-radius:20px\"\/><\/figure>\n\n\n\n<h3 class=\"wp-block-heading has-text-align-left is-style-default has-body-font-family\">Deep Dive - <br>Tiefe Entspannungsreise<\/h3>\n\n\n\n<ul class=\"wp-block-list\">\n<li>90 Minuten Session<\/li>\n\n\n\n<li>Vor- und Nachgespr\u00e4ch<\/li>\n\n\n\n<li>ca. 65 - 70 Minuten TouchLife Massage<\/li>\n\n\n\n<li>Nachruhe<\/li>\n\n\n\n<li>Investition: 120,00 \u20ac<\/li>\n<\/ul>\n\n\n\n<div class=\"wp-block-buttons is-content-justification-center is-layout-flex wp-container-core-buttons-is-layout-a89b3969 wp-block-buttons-is-layout-flex\">\n<div class=\"wp-block-button\"><a class=\"wp-block-button__link wp-element-button\" href=\"https:\/\/privatpraxis-ck.de\/home\/kontakt\/\">Jetzt Termin buchen...<\/a><\/div>\n<\/div>\n<\/div>\n<\/div>\n\n\n\n<div style=\"height:50px\" aria-hidden=\"true\" class=\"wp-block-spacer\"><\/div>\n\n\n\n<div class=\"wp-block-columns alignwide is-layout-flex wp-container-core-columns-is-layout-d0bbbce0 wp-block-columns-is-layout-flex\">\n<div class=\"wp-block-column is-layout-flow wp-container-core-column-is-layout-e3d1c41b wp-block-column-is-layout-flow\">\n<figure class=\"wp-block-image aligncenter size-full has-custom-border\"><img loading=\"lazy\" decoding=\"async\" width=\"400\" height=\"225\" src=\"http:\/\/privatpraxis-ck.de\/wp-content\/uploads\/2024\/09\/massagestuhl-thumb.jpg\" alt=\"\" class=\"wp-image-557\" style=\"border-radius:20px;object-fit:cover\"\/><\/figure>\n\n\n\n<h3 class=\"wp-block-heading has-text-align-left is-style-default has-body-font-family\">TouchLife-mobil - die Massage am Arbeitsplatz<\/h3>\n\n\n\n<p class=\"has-text-align-left\">Wertvolle 30 min Auszeit, auf die sich Ihre MitarbeiterInnen garantiert freuen werden. Ich biete eine Kombination aus kurzem Gespr\u00e4ch und wohltuender Massage auf dem Massagestuhl.<\/p>\n\n\n\n<div class=\"wp-block-buttons is-content-justification-center is-layout-flex wp-container-core-buttons-is-layout-a89b3969 wp-block-buttons-is-layout-flex\">\n<div class=\"wp-block-button\"><a class=\"wp-block-button__link wp-element-button\" href=\"https:\/\/privatpraxis-ck.de\/home\/kontakt\/\">kostenfreies Infogespr\u00e4ch ...<\/a><\/div>\n<\/div>\n<\/div>\n\n\n\n<div class=\"wp-block-column is-layout-flow wp-container-core-column-is-layout-e3d1c41b wp-block-column-is-layout-flow\">\n<figure class=\"wp-block-image size-full has-custom-border\"><img loading=\"lazy\" decoding=\"async\" width=\"2560\" height=\"1440\" src=\"http:\/\/privatpraxis-ck.de\/wp-content\/uploads\/2024\/09\/gutschein-thumb4-1-scaled.jpg\" alt=\"\" class=\"wp-image-531\" style=\"border-radius:20px;object-fit:cover\"\/><\/figure>\n\n\n\n<h3 class=\"wp-block-heading has-text-align-left is-style-default has-body-font-family\">Tu-dir-Gut-Scheine<\/h3>\n\n\n\n<p class=\"has-text-align-left\">Wellness verschenken ist ein ganz besonderes Geschenk f\u00fcr spezielle Anl\u00e4sse wie Geburtstage, Weihnachten, Jubil\u00e4en oder einfach mal so, um DANKE zu sagen oder jemandem eine Auszeit zu erm\u00f6glichen...<\/p>\n\n\n\n<div class=\"wp-block-buttons is-content-justification-center is-layout-flex wp-container-core-buttons-is-layout-a89b3969 wp-block-buttons-is-layout-flex\">\n<div class=\"wp-block-button\"><a class=\"wp-block-button__link wp-element-button\" href=\"https:\/\/privatpraxis-ck.de\/home\/kontakt\/\">Jetzt kaufen ...<\/a><\/div>\n<\/div>\n<\/div>\n\n\n\n<div class=\"wp-block-column is-layout-flow wp-container-core-column-is-layout-e3d1c41b wp-block-column-is-layout-flow\"><\/div>\n<\/div>\n\n\n\n<div style=\"height:13px\" aria-hidden=\"true\" class=\"wp-block-spacer\"><\/div>\n<\/div>\n\n\n\n<div class=\"wp-block-group alignfull has-custom-sky-background-color has-background has-global-padding is-layout-constrained wp-block-group-is-layout-constrained\">\n<div style=\"height:25px\" aria-hidden=\"true\" class=\"wp-block-spacer\"><\/div>\n\n\n\n<div class=\"wp-block-columns alignwide is-layout-flex wp-container-core-columns-is-layout-28f84493 wp-block-columns-is-layout-flex\">\n<div class=\"wp-block-column is-layout-flow wp-block-column-is-layout-flow\" style=\"flex-basis:66.66%\">\n<div class=\"wp-block-group is-vertical is-layout-flex wp-container-core-group-is-layout-fe9cc265 wp-block-group-is-layout-flex\">\n<h2 class=\"wp-block-heading\">Hallo, mein Name ist Christina Kabrhel,<\/h2>\n\n\n\n<p>ich bin verheiratet und Mutter von zwei S\u00f6hnen. Ich liebe dunkle Schokolade, Urlaub am Meer und interessante Fachb\u00fccher rund um das Thema Gesundheit und Wohlbefinden.<\/p>\n\n\n\n<p>Seit langem besch\u00e4ftige ich mich intensiv mit Gesundheitsthemen. Die direkte Arbeit mit Menschen ist genau das, was mir am meisten Spa\u00df macht. Und so bin ich vor einigen Jahren beruflich nochmal neu durchgestartet und gebe seitdem mein Wissen weiter.<\/p>\n\n\n\n<div class=\"wp-block-buttons is-layout-flex wp-block-buttons-is-layout-flex\">\n<div class=\"wp-block-button\"><a class=\"wp-block-button__link wp-element-button\" href=\"https:\/\/privatpraxis-ck.de\/home\/ueber-mich\/\">Mehr \u00fcber mich erfahren ...<\/a><\/div>\n<\/div>\n<\/div>\n<\/div>\n\n\n\n<div class=\"wp-block-column is-layout-flow wp-block-column-is-layout-flow\" style=\"flex-basis:33.33%\">\n<figure class=\"wp-block-image size-full is-resized\"><img loading=\"lazy\" decoding=\"async\" width=\"2025\" height=\"2560\" src=\"https:\/\/privatpraxis-ck.de\/wp-content\/uploads\/2025\/11\/20251114_140023-1-scaled.jpg\" alt=\"\" class=\"wp-image-1156\" style=\"width:346px;height:auto\"\/><\/figure>\n<\/div>\n<\/div>\n\n\n\n<div style=\"height:45px\" aria-hidden=\"true\" class=\"wp-block-spacer\"><\/div>\n<\/div>\n\n\n\n<div class=\"wp-block-group alignfull has-base-background-color has-background has-global-padding is-layout-constrained wp-container-core-group-is-layout-d89aad35 wp-block-group-is-layout-constrained\" style=\"margin-top:0;margin-bottom:0;padding-top:var(--wp--preset--spacing--50);padding-right:var(--wp--preset--spacing--50);padding-bottom:var(--wp--preset--spacing--50);padding-left:var(--wp--preset--spacing--50)\">\n<div class=\"wp-block-columns alignwide is-layout-flex wp-container-core-columns-is-layout-1da03c2a wp-block-columns-is-layout-flex\">\n<div class=\"wp-block-column is-vertically-aligned-center is-layout-flow wp-block-column-is-layout-flow\" style=\"flex-basis:60%\">\n<figure class=\"wp-block-image size-full is-resized is-style-default wp-duotone-unset-2\"><img loading=\"lazy\" decoding=\"async\" width=\"1441\" height=\"2560\" src=\"https:\/\/privatpraxis-ck.de\/wp-content\/uploads\/2025\/11\/20251111_163812-scaled.jpg\" alt=\"\" class=\"wp-image-1158\" style=\"width:566px;height:auto\"\/><\/figure>\n<\/div>\n\n\n\n<div class=\"wp-block-column is-layout-flow wp-block-column-is-layout-flow\" style=\"flex-basis:40%\">\n<h2 class=\"wp-block-heading\">Bereit f\u00fcr Ihre wohlverdiente Auszeit?<\/h2>\n\n\n\n<p>Endlich wieder zu Hause im eigenen K\u00f6rper f\u00fchlen und Energie aufladen!<\/p>\n\n\n\n<div class=\"wp-block-buttons is-layout-flex wp-block-buttons-is-layout-flex\">\n<div class=\"wp-block-button\"><a class=\"wp-block-button__link wp-element-button\" href=\"https:\/\/privatpraxis-ck.de\/home\/kontakt\/\">Jetzt Termin buchen...<\/a><\/div>\n<\/div>\n<\/div>\n<\/div>\n<\/div>\n","protected":false},"excerpt":{"rendered":"<p>Mehr Energie, Entspannung und Leichtigkeit &#8211; ganzheitlich, professionell, einzigartig Mit TouchLife\u24c7 Massage und Coaching zur\u00fcck in Ihre Balance! Herzlichen Gl\u00fcckwunsch, Sie sind auf dem besten Weg sich etwas Gutes zu tun. Bei mir sind Sie genau richtig, wenn Sie Meine Tools Das sagen meine KlientInnen: Meine Leistungen Ich biete individuelle, ganzheitliche TouchLife Massagen mit hochwertigen [&hellip;]<\/p>\n","protected":false},"author":1,"featured_media":0,"parent":0,"menu_order":0,"comment_status":"closed","ping_status":"closed","template":"","meta":{"footnotes":""},"class_list":["post-37","page","type-page","status-publish","hentry"],"rttpg_featured_image_url":null,"rttpg_author":{"display_name":"chkabrhel","author_link":"https:\/\/privatpraxis-ck.de\/home\/author\/chkabrhel\/"},"rttpg_comment":0,"rttpg_category":null,"rttpg_excerpt":"Mehr Energie, Entspannung und Leichtigkeit &#8211; ganzheitlich, professionell, einzigartig Mit TouchLife\u24c7 Massage und Coaching zur\u00fcck in Ihre Balance! Herzlichen Gl\u00fcckwunsch, Sie sind auf dem besten Weg sich etwas Gutes zu tun. Bei mir sind Sie genau richtig, wenn Sie Meine Tools Das sagen meine KlientInnen: Meine Leistungen Ich biete individuelle, ganzheitliche TouchLife Massagen mit hochwertigen&hellip;","_links":{"self":[{"href":"https:\/\/privatpraxis-ck.de\/home\/wp-json\/wp\/v2\/pages\/37","targetHints":{"allow":["GET"]}}],"collection":[{"href":"https:\/\/privatpraxis-ck.de\/home\/wp-json\/wp\/v2\/pages"}],"about":[{"href":"https:\/\/privatpraxis-ck.de\/home\/wp-json\/wp\/v2\/types\/page"}],"author":[{"embeddable":true,"href":"https:\/\/privatpraxis-ck.de\/home\/wp-json\/wp\/v2\/users\/1"}],"replies":[{"embeddable":true,"href":"https:\/\/privatpraxis-ck.de\/home\/wp-json\/wp\/v2\/comments?post=37"}],"version-history":[{"count":10,"href":"https:\/\/privatpraxis-ck.de\/home\/wp-json\/wp\/v2\/pages\/37\/revisions"}],"predecessor-version":[{"id":1180,"href":"https:\/\/privatpraxis-ck.de\/home\/wp-json\/wp\/v2\/pages\/37\/revisions\/1180"}],"wp:attachment":[{"href":"https:\/\/privatpraxis-ck.de\/home\/wp-json\/wp\/v2\/media?parent=37"}],"curies":[{"name":"wp","href":"https:\/\/api.w.org\/{rel}","templated":true}]}}