{"id":371,"date":"2024-07-22T17:54:02","date_gmt":"2024-07-22T15:54:02","guid":{"rendered":"http:\/\/test.balanced-energy.de\/home\/?page_id=371"},"modified":"2025-11-19T17:31:39","modified_gmt":"2025-11-19T16:31:39","slug":"kontakt","status":"publish","type":"page","link":"https:\/\/privatpraxis-ck.de\/home\/kontakt\/","title":{"rendered":"Kontakt"},"content":{"rendered":"\n<div class=\"wp-block-columns alignwide is-layout-flex wp-container-core-columns-is-layout-28f84493 wp-block-columns-is-layout-flex\">\n<div class=\"wp-block-column is-layout-flow wp-block-column-is-layout-flow\" style=\"flex-basis:33.33%\">\n<figure class=\"wp-block-image size-full\"><img loading=\"lazy\" decoding=\"async\" width=\"1810\" height=\"2560\" src=\"https:\/\/privatpraxis-ck.de\/wp-content\/uploads\/2025\/11\/5-scaled.png\" alt=\"\" class=\"wp-image-1169\" style=\"object-fit:cover\"\/><\/figure>\n<\/div>\n\n\n\n<div class=\"wp-block-column is-layout-flow wp-block-column-is-layout-flow\" style=\"flex-basis:66.66%\">\n<h2 class=\"wp-block-heading\">Kontakt<\/h2>\n\n\n\n<p>Privatpraxis f\u00fcr TouchLife Massage und Coaching<br>Christina Kabrhel<\/p>\n\n\n\n<p>In den R\u00e4umen der Praxis f\u00fcr Physiotherapie und Naturheilkunde Marny Pichler<br>Friedrich-Ebert-Str. 85<br>64720 Michelstadt<\/p>\n\n\n\n<p>Mobil: 0160 8985711 (gerne Anfragen per WhatsApp, Signal oder Mail)<br><br>Mail: info@privatpraxis-ck.de<\/p>\n\n\n\n<p>Termine nach Vereinbarung<\/p>\n\n\n\n<p>Sie finden mich auch auf folgenden Social Media Kan\u00e4len:<\/p>\n\n\n\n<p><a href=\"https:\/\/msng.link\/o?privatpraxis_ck=ig\">Instagram<\/a><br><a href=\"https:\/\/api.whatsapp.com\/send?phone=491608985711\">WhatsApp<\/a><br><\/p>\n<\/div>\n<\/div>\n\n\n\n<p><\/p>\n","protected":false},"excerpt":{"rendered":"<p>Kontakt Privatpraxis f\u00fcr TouchLife Massage und CoachingChristina Kabrhel In den R\u00e4umen der Praxis f\u00fcr Physiotherapie und Naturheilkunde Marny PichlerFriedrich-Ebert-Str. 8564720 Michelstadt Mobil: 0160 8985711 (gerne Anfragen per WhatsApp, Signal oder Mail) Mail: info@privatpraxis-ck.de Termine nach Vereinbarung Sie finden mich auch auf folgenden Social Media Kan\u00e4len: InstagramWhatsApp<\/p>\n","protected":false},"author":1,"featured_media":0,"parent":0,"menu_order":0,"comment_status":"closed","ping_status":"closed","template":"","meta":{"footnotes":""},"class_list":["post-371","page","type-page","status-publish","hentry"],"rttpg_featured_image_url":null,"rttpg_author":{"display_name":"chkabrhel","author_link":"https:\/\/privatpraxis-ck.de\/home\/author\/chkabrhel\/"},"rttpg_comment":0,"rttpg_category":null,"rttpg_excerpt":"Kontakt Privatpraxis f\u00fcr TouchLife Massage und CoachingChristina Kabrhel In den R\u00e4umen der Praxis f\u00fcr Physiotherapie und Naturheilkunde Marny PichlerFriedrich-Ebert-Str. 8564720 Michelstadt Mobil: 0160 8985711 (gerne Anfragen per WhatsApp, Signal oder Mail) Mail: info@privatpraxis-ck.de Termine nach Vereinbarung Sie finden mich auch auf folgenden Social Media Kan\u00e4len: InstagramWhatsApp","_links":{"self":[{"href":"https:\/\/privatpraxis-ck.de\/home\/wp-json\/wp\/v2\/pages\/371","targetHints":{"allow":["GET"]}}],"collection":[{"href":"https:\/\/privatpraxis-ck.de\/home\/wp-json\/wp\/v2\/pages"}],"about":[{"href":"https:\/\/privatpraxis-ck.de\/home\/wp-json\/wp\/v2\/types\/page"}],"author":[{"embeddable":true,"href":"https:\/\/privatpraxis-ck.de\/home\/wp-json\/wp\/v2\/users\/1"}],"replies":[{"embeddable":true,"href":"https:\/\/privatpraxis-ck.de\/home\/wp-json\/wp\/v2\/comments?post=371"}],"version-history":[{"count":10,"href":"https:\/\/privatpraxis-ck.de\/home\/wp-json\/wp\/v2\/pages\/371\/revisions"}],"predecessor-version":[{"id":1175,"href":"https:\/\/privatpraxis-ck.de\/home\/wp-json\/wp\/v2\/pages\/371\/revisions\/1175"}],"wp:attachment":[{"href":"https:\/\/privatpraxis-ck.de\/home\/wp-json\/wp\/v2\/media?parent=371"}],"curies":[{"name":"wp","href":"https:\/\/api.w.org\/{rel}","templated":true}]}}